{"id":2603,"date":"2023-05-29T22:12:45","date_gmt":"2023-05-30T01:12:45","guid":{"rendered":"http:\/\/paulatraduce.com\/faqs\/"},"modified":"2023-09-01T13:52:31","modified_gmt":"2023-09-01T16:52:31","slug":"faqs","status":"publish","type":"page","link":"https:\/\/paulatraduce.com\/en\/faqs\/","title":{"rendered":"FAQs"},"content":{"rendered":"<p>[et_pb_section fb_built=&#8221;1&#8243; next_background_color=&#8221;#ffffff&#8221; admin_label=&#8221;Hero Section&#8221; _builder_version=&#8221;4.21.0&#8243; background_color=&#8221;#AD1C66&#8243; background_enable_image=&#8221;off&#8221; background_position=&#8221;center_right&#8221; custom_margin_last_edited=&#8221;off|desktop&#8221; custom_padding=&#8221;20px||4.6%||false|false&#8221; bottom_divider_style=&#8221;slant&#8221; bottom_divider_height=&#8221;60px&#8221; locked=&#8221;off&#8221; global_colors_info=&#8221;{}&#8221; background_color_gradient_direction__hover=&#8221;180deg&#8221; background_color_gradient_direction__hover_enabled=&#8221;180deg&#8221; background_color_gradient_start_position__hover=&#8221;0%&#8221; background_color_gradient_start_position__hover_enabled=&#8221;0%&#8221; background_color_gradient_end_position__hover=&#8221;100%&#8221; background_color_gradient_end_position__hover_enabled=&#8221;100%&#8221; background_color_gradient_stops__hover=&#8221;rgba(0,0,0,0.4) 0%|rgba(0,0,0,0.4) 100%&#8221; global_module=&#8221;2661&#8243; theme_builder_area=&#8221;post_content&#8221;][et_pb_row _builder_version=&#8221;4.16&#8243; custom_padding=&#8221;27px|||||&#8221; global_colors_info=&#8221;{}&#8221; theme_builder_area=&#8221;post_content&#8221;][et_pb_column type=&#8221;4_4&#8243; _builder_version=&#8221;4.16&#8243; custom_padding=&#8221;|||&#8221; global_colors_info=&#8221;{}&#8221; custom_padding__hover=&#8221;|||&#8221; theme_builder_area=&#8221;post_content&#8221;][et_pb_image src=&#8221;http:\/\/paulatraduce.com\/wp-content\/uploads\/2023\/05\/paula_traduce-01-scaled.webp&#8221; title_text=&#8221;paula_traduce-01&#8243; _builder_version=&#8221;4.21.0&#8243; _module_preset=&#8221;default&#8221; width=&#8221;50%&#8221; width_tablet=&#8221;80%&#8221; width_phone=&#8221;80%&#8221; width_last_edited=&#8221;on|tablet&#8221; module_alignment=&#8221;center&#8221; custom_margin_tablet=&#8221;-50px||40px||false|false&#8221; custom_margin_phone=&#8221;-50px||40px||false|false&#8221; custom_margin_last_edited=&#8221;on|tablet&#8221; animation_style=&#8221;bounce&#8221; animation_speed_curve=&#8221;ease&#8221; global_colors_info=&#8221;{}&#8221; theme_builder_area=&#8221;post_content&#8221;][\/et_pb_image][\/et_pb_column][\/et_pb_row][\/et_pb_section][et_pb_section fb_built=&#8221;1&#8243; _builder_version=&#8221;4.21.0&#8243; _module_preset=&#8221;default&#8221; custom_padding=&#8221;24px|||||&#8221; global_colors_info=&#8221;{}&#8221;][et_pb_row _builder_version=&#8221;4.21.0&#8243; _module_preset=&#8221;default&#8221; custom_margin=&#8221;30px||30px||true|false&#8221; custom_padding=&#8221;||0px|||&#8221; global_colors_info=&#8221;{}&#8221;][et_pb_column type=&#8221;4_4&#8243; _builder_version=&#8221;4.21.0&#8243; _module_preset=&#8221;default&#8221; global_colors_info=&#8221;{}&#8221;][et_pb_text admin_label=&#8221;Hero Section Title&#8221; _builder_version=&#8221;4.21.0&#8243; text_font_size=&#8221;18px&#8221; text_line_height=&#8221;1.8em&#8221; header_font=&#8221;|700|||||||&#8221; header_font_size=&#8221;48px&#8221; header_letter_spacing=&#8221;3px&#8221; header_line_height=&#8221;1.3em&#8221; header_2_letter_spacing=&#8221;3px&#8221; header_2_line_height=&#8221;1.1em&#8221; text_orientation=&#8221;center&#8221; module_alignment=&#8221;left&#8221; custom_margin=&#8221;||0px||false|false&#8221; custom_padding=&#8221;||0px||false|false&#8221; animation_style=&#8221;slide&#8221; animation_direction=&#8221;left&#8221; animation_starting_opacity=&#8221;100%&#8221; header_font_size_tablet=&#8221;&#8221; header_font_size_phone=&#8221;28px&#8221; header_font_size_last_edited=&#8221;on|phone&#8221; header_2_font_size_phone=&#8221;50px&#8221; header_2_font_size_last_edited=&#8221;off|desktop&#8221; global_colors_info=&#8221;{}&#8221;]<\/p>\n<h1 style=\"margin-bottom: 10px;\">FAQs<\/h1>\n<h2 style=\"margin-bottom: 20px;\"><\/h2>\n<p>[\/et_pb_text][\/et_pb_column][\/et_pb_row][et_pb_row make_equal=&#8221;on&#8221; _builder_version=&#8221;4.21.0&#8243; _module_preset=&#8221;default&#8221; locked=&#8221;off&#8221; global_colors_info=&#8221;{}&#8221;][et_pb_column type=&#8221;4_4&#8243; _builder_version=&#8221;4.21.0&#8243; _module_preset=&#8221;default&#8221; custom_padding=&#8221;||||false|false&#8221; custom_padding_tablet=&#8221;|0px||0px|false|false&#8221; custom_padding_phone=&#8221;|0px||0px|false|false&#8221; custom_padding_last_edited=&#8221;off|desktop&#8221; global_colors_info=&#8221;{}&#8221; custom_css_main_element_last_edited=&#8221;on|tablet&#8221; custom_css_main_element_tablet=&#8221;order: 2;&#8221; custom_css_main_element_phone=&#8221;order: 2;&#8221;][et_pb_text _builder_version=&#8221;4.21.0&#8243; _module_preset=&#8221;default&#8221; header_2_text_color=&#8221;#AD1C66&#8243; header_3_text_color=&#8221;#AD1C66&#8243; text_orientation=&#8221;center&#8221; custom_margin=&#8221;||40px||false|false&#8221; animation_style=&#8221;bounce&#8221; animation_direction=&#8221;right&#8221; global_colors_info=&#8221;{}&#8221;]<\/p>\n<h3> What is a sworn \/ certified translation?<\/h3>\n<p>A sworn \/ certified translation is one that includes the sworn translator\u2019s official seal and signature. It follows the formalities of the association where said translator is registered and where that signature is authenticated. Certain documents that need to be submitted abroad usually require a sworn\/certified translation.<\/p>\n<p>[\/et_pb_text][et_pb_text _builder_version=&#8221;4.21.0&#8243; _module_preset=&#8221;default&#8221; header_2_text_color=&#8221;#AD1C66&#8243; header_3_text_color=&#8221;#AD1C66&#8243; text_orientation=&#8221;center&#8221; custom_margin=&#8221;||40px||false|false&#8221; animation_style=&#8221;bounce&#8221; animation_direction=&#8221;right&#8221; global_colors_info=&#8221;{}&#8221;]<\/p>\n<h3>Are your translations official?<\/h3>\n<p>Yes, my translations are sworn\/certified, meaning that they include my official seal and signature. Moreover, they also include the certification issued by the CTPCBA. <\/p>\n<p>[\/et_pb_text][et_pb_text _builder_version=&#8221;4.21.0&#8243; _module_preset=&#8221;default&#8221; header_2_text_color=&#8221;#AD1C66&#8243; header_3_text_color=&#8221;#AD1C66&#8243; text_orientation=&#8221;center&#8221; custom_margin=&#8221;||40px||false|false&#8221; animation_style=&#8221;bounce&#8221; animation_direction=&#8221;right&#8221; global_colors_info=&#8221;{}&#8221;]<\/p>\n<h3>What is the CTPCBA?<\/h3>\n<p>It is the Association of Sworn Translators of the City of Buenos Aires, where I am registered as a sworn translator.<\/p>\n<p>[\/et_pb_text][et_pb_text _builder_version=&#8221;4.21.0&#8243; _module_preset=&#8221;default&#8221; header_2_text_color=&#8221;#AD1C66&#8243; header_3_text_color=&#8221;#AD1C66&#8243; text_orientation=&#8221;center&#8221; custom_margin=&#8221;||40px||false|false&#8221; animation_style=&#8221;bounce&#8221; animation_direction=&#8221;right&#8221; global_colors_info=&#8221;{}&#8221;]<\/p>\n<h3>How much does a translation cost?<\/h3>\n<p>The cost of a translation depends on several factors, including, for example:<br \/>\u2043 The type of document<br \/>\u2043 The length of the document<br \/>\u2043 The legibility of the document<br \/>\u2043 The language into which it needs to be translated<br \/>Due to these factors and other variables not mentioned, to provide an accurate quote, I always ask for a digital copy (photo or scan) of the document. All the information provided by the client will remain confidential at all times, regardless of whether they decide to move forward with my translation services or not. <br \/>My fees are based on the minimum fees set by the CTCPBA, which are available on its website: <a href=\"https:\/\/www.traductores.org.ar\" target=\"_blank\" rel=\"noopener\">https:\/\/www.traductores.org.ar<\/a><\/p>\n<p>[\/et_pb_text][et_pb_text _builder_version=&#8221;4.21.0&#8243; _module_preset=&#8221;default&#8221; header_2_text_color=&#8221;#AD1C66&#8243; header_3_text_color=&#8221;#AD1C66&#8243; text_orientation=&#8221;center&#8221; custom_margin=&#8221;||40px||false|false&#8221; animation_style=&#8221;bounce&#8221; animation_direction=&#8221;right&#8221; global_colors_info=&#8221;{}&#8221;]<\/p>\n<h3>What is the CTPCBA certification?<\/h3>\n<p>The CTPCBA certification is the official document that is annexed to the sworn translation and issued by the association where the sworn translator is registered. In my case, that association is the CTPCBA. This certification authenticates the sworn translator\u2019s signature and seal.[\/et_pb_text][et_pb_text _builder_version=&#8221;4.21.0&#8243; _module_preset=&#8221;default&#8221; header_2_text_color=&#8221;#AD1C66&#8243; header_3_text_color=&#8221;#AD1C66&#8243; text_orientation=&#8221;center&#8221; custom_margin=&#8221;||40px||false|false&#8221; animation_style=&#8221;bounce&#8221; animation_direction=&#8221;right&#8221; global_colors_info=&#8221;{}&#8221;]<\/p>\n<h3>Are the certification and the apostille the same thing?<\/h3>\n<p>No, they are not the same thing. The certification of the translation authenticates the sworn translator\u2019s signature and seal, while the apostille authenticates the signature and seal of the authorities signing the original document for it to have the same validity abroad. <\/p>\n<p>[\/et_pb_text][et_pb_text _builder_version=&#8221;4.21.0&#8243; _module_preset=&#8221;default&#8221; header_2_text_color=&#8221;#AD1C66&#8243; header_3_text_color=&#8221;#AD1C66&#8243; text_orientation=&#8221;center&#8221; custom_margin=&#8221;||40px||false|false&#8221; animation_style=&#8221;bounce&#8221; animation_direction=&#8221;right&#8221; global_colors_info=&#8221;{}&#8221;]<\/p>\n<h3>How do I know if I need an apostille?<br \/>\n<\/h3>\n<p>Generally, most public documents submitted abroad require an apostille, but I recommend you check with the institution where you will submit the required documents with their translations, as the requirements may vary depending on the country and the type of process.[\/et_pb_text][\/et_pb_column][\/et_pb_row][\/et_pb_section]<\/p>\n","protected":false},"excerpt":{"rendered":"<p>FAQs What is a sworn \/ certified translation? A sworn \/ certified translation is one that includes the sworn translator\u2019s official seal and signature. It follows the formalities of the association where said translator is registered and where that signature is authenticated. Certain documents that need to be submitted abroad usually require a sworn\/certified translation.Are [&hellip;]<\/p>\n","protected":false},"author":990003,"featured_media":0,"parent":0,"menu_order":0,"comment_status":"closed","ping_status":"closed","template":"","meta":{"_et_pb_use_builder":"on","_et_pb_old_content":"","_et_gb_content_width":"","footnotes":""},"class_list":["post-2603","page","type-page","status-publish","hentry"],"yoast_head":"<!-- This site is optimized with the Yoast SEO plugin v27.4 - https:\/\/yoast.com\/product\/yoast-seo-wordpress\/ -->\n<title>FAQs - Paula Traduce<\/title>\n<meta name=\"robots\" content=\"index, follow, max-snippet:-1, max-image-preview:large, max-video-preview:-1\" \/>\n<link rel=\"canonical\" href=\"https:\/\/paulatraduce.com\/en\/faqs\/\" \/>\n<meta property=\"og:locale\" content=\"en_US\" \/>\n<meta property=\"og:type\" content=\"article\" \/>\n<meta property=\"og:title\" content=\"FAQs - Paula Traduce\" \/>\n<meta property=\"og:description\" content=\"FAQs What is a sworn \/ certified translation? A sworn \/ certified translation is one that includes the sworn translator\u2019s official seal and signature. It follows the formalities of the association where said translator is registered and where that signature is authenticated. Certain documents that need to be submitted abroad usually require a sworn\/certified translation.Are [&hellip;]\" \/>\n<meta property=\"og:url\" content=\"https:\/\/paulatraduce.com\/en\/faqs\/\" \/>\n<meta property=\"og:site_name\" content=\"Paula Traduce\" \/>\n<meta property=\"article:modified_time\" content=\"2023-09-01T16:52:31+00:00\" \/>\n<meta property=\"og:image\" content=\"https:\/\/paulatraduce.com\/wp-content\/uploads\/2023\/05\/con-circulo-paula_traduce-02-scaled.webp\" \/>\n\t<meta property=\"og:image:width\" content=\"2560\" \/>\n\t<meta property=\"og:image:height\" content=\"2560\" \/>\n\t<meta property=\"og:image:type\" content=\"image\/webp\" \/>\n<meta name=\"twitter:card\" content=\"summary_large_image\" \/>\n<meta name=\"twitter:label1\" content=\"Est. reading time\" \/>\n\t<meta name=\"twitter:data1\" content=\"5 minutes\" \/>\n<script type=\"application\/ld+json\" class=\"yoast-schema-graph\">{\"@context\":\"https:\\\/\\\/schema.org\",\"@graph\":[{\"@type\":\"WebPage\",\"@id\":\"https:\\\/\\\/paulatraduce.com\\\/en\\\/faqs\\\/\",\"url\":\"https:\\\/\\\/paulatraduce.com\\\/en\\\/faqs\\\/\",\"name\":\"FAQs - Paula Traduce\",\"isPartOf\":{\"@id\":\"https:\\\/\\\/paulatraduce.com\\\/en\\\/#website\"},\"datePublished\":\"2023-05-30T01:12:45+00:00\",\"dateModified\":\"2023-09-01T16:52:31+00:00\",\"breadcrumb\":{\"@id\":\"https:\\\/\\\/paulatraduce.com\\\/en\\\/faqs\\\/#breadcrumb\"},\"inLanguage\":\"en-US\",\"potentialAction\":[{\"@type\":\"ReadAction\",\"target\":[\"https:\\\/\\\/paulatraduce.com\\\/en\\\/faqs\\\/\"]}]},{\"@type\":\"BreadcrumbList\",\"@id\":\"https:\\\/\\\/paulatraduce.com\\\/en\\\/faqs\\\/#breadcrumb\",\"itemListElement\":[{\"@type\":\"ListItem\",\"position\":1,\"name\":\"Home\",\"item\":\"https:\\\/\\\/paulatraduce.com\\\/en\\\/home\\\/\"},{\"@type\":\"ListItem\",\"position\":2,\"name\":\"FAQs\"}]},{\"@type\":\"WebSite\",\"@id\":\"https:\\\/\\\/paulatraduce.com\\\/en\\\/#website\",\"url\":\"https:\\\/\\\/paulatraduce.com\\\/en\\\/\",\"name\":\"Paula traduce\",\"description\":\"Traductora P\u00fablica Matriculada (ingl\u00e9s&lt;&gt;espa\u00f1ol)\",\"publisher\":{\"@id\":\"https:\\\/\\\/paulatraduce.com\\\/en\\\/#organization\"},\"potentialAction\":[{\"@type\":\"SearchAction\",\"target\":{\"@type\":\"EntryPoint\",\"urlTemplate\":\"https:\\\/\\\/paulatraduce.com\\\/en\\\/?s={search_term_string}\"},\"query-input\":{\"@type\":\"PropertyValueSpecification\",\"valueRequired\":true,\"valueName\":\"search_term_string\"}}],\"inLanguage\":\"en-US\"},{\"@type\":\"Organization\",\"@id\":\"https:\\\/\\\/paulatraduce.com\\\/en\\\/#organization\",\"name\":\"Paula traduce\",\"url\":\"https:\\\/\\\/paulatraduce.com\\\/en\\\/\",\"logo\":{\"@type\":\"ImageObject\",\"inLanguage\":\"en-US\",\"@id\":\"https:\\\/\\\/paulatraduce.com\\\/en\\\/#\\\/schema\\\/logo\\\/image\\\/\",\"url\":\"https:\\\/\\\/paulatraduce.com\\\/wp-content\\\/uploads\\\/2023\\\/03\\\/retina-logo-1.png\",\"contentUrl\":\"https:\\\/\\\/paulatraduce.com\\\/wp-content\\\/uploads\\\/2023\\\/03\\\/retina-logo-1.png\",\"width\":600,\"height\":132,\"caption\":\"Paula traduce\"},\"image\":{\"@id\":\"https:\\\/\\\/paulatraduce.com\\\/en\\\/#\\\/schema\\\/logo\\\/image\\\/\"}}]}<\/script>\n<!-- \/ Yoast SEO plugin. -->","yoast_head_json":{"title":"FAQs - Paula Traduce","robots":{"index":"index","follow":"follow","max-snippet":"max-snippet:-1","max-image-preview":"max-image-preview:large","max-video-preview":"max-video-preview:-1"},"canonical":"https:\/\/paulatraduce.com\/en\/faqs\/","og_locale":"en_US","og_type":"article","og_title":"FAQs - Paula Traduce","og_description":"FAQs What is a sworn \/ certified translation? A sworn \/ certified translation is one that includes the sworn translator\u2019s official seal and signature. It follows the formalities of the association where said translator is registered and where that signature is authenticated. Certain documents that need to be submitted abroad usually require a sworn\/certified translation.Are [&hellip;]","og_url":"https:\/\/paulatraduce.com\/en\/faqs\/","og_site_name":"Paula Traduce","article_modified_time":"2023-09-01T16:52:31+00:00","og_image":[{"width":2560,"height":2560,"url":"https:\/\/paulatraduce.com\/wp-content\/uploads\/2023\/05\/con-circulo-paula_traduce-02-scaled.webp","type":"image\/webp"}],"twitter_card":"summary_large_image","twitter_misc":{"Est. reading time":"5 minutes"},"schema":{"@context":"https:\/\/schema.org","@graph":[{"@type":"WebPage","@id":"https:\/\/paulatraduce.com\/en\/faqs\/","url":"https:\/\/paulatraduce.com\/en\/faqs\/","name":"FAQs - Paula Traduce","isPartOf":{"@id":"https:\/\/paulatraduce.com\/en\/#website"},"datePublished":"2023-05-30T01:12:45+00:00","dateModified":"2023-09-01T16:52:31+00:00","breadcrumb":{"@id":"https:\/\/paulatraduce.com\/en\/faqs\/#breadcrumb"},"inLanguage":"en-US","potentialAction":[{"@type":"ReadAction","target":["https:\/\/paulatraduce.com\/en\/faqs\/"]}]},{"@type":"BreadcrumbList","@id":"https:\/\/paulatraduce.com\/en\/faqs\/#breadcrumb","itemListElement":[{"@type":"ListItem","position":1,"name":"Home","item":"https:\/\/paulatraduce.com\/en\/home\/"},{"@type":"ListItem","position":2,"name":"FAQs"}]},{"@type":"WebSite","@id":"https:\/\/paulatraduce.com\/en\/#website","url":"https:\/\/paulatraduce.com\/en\/","name":"Paula traduce","description":"Traductora P\u00fablica Matriculada (ingl\u00e9s&lt;&gt;espa\u00f1ol)","publisher":{"@id":"https:\/\/paulatraduce.com\/en\/#organization"},"potentialAction":[{"@type":"SearchAction","target":{"@type":"EntryPoint","urlTemplate":"https:\/\/paulatraduce.com\/en\/?s={search_term_string}"},"query-input":{"@type":"PropertyValueSpecification","valueRequired":true,"valueName":"search_term_string"}}],"inLanguage":"en-US"},{"@type":"Organization","@id":"https:\/\/paulatraduce.com\/en\/#organization","name":"Paula traduce","url":"https:\/\/paulatraduce.com\/en\/","logo":{"@type":"ImageObject","inLanguage":"en-US","@id":"https:\/\/paulatraduce.com\/en\/#\/schema\/logo\/image\/","url":"https:\/\/paulatraduce.com\/wp-content\/uploads\/2023\/03\/retina-logo-1.png","contentUrl":"https:\/\/paulatraduce.com\/wp-content\/uploads\/2023\/03\/retina-logo-1.png","width":600,"height":132,"caption":"Paula traduce"},"image":{"@id":"https:\/\/paulatraduce.com\/en\/#\/schema\/logo\/image\/"}}]}},"_links":{"self":[{"href":"https:\/\/paulatraduce.com\/en\/wp-json\/wp\/v2\/pages\/2603","targetHints":{"allow":["GET"]}}],"collection":[{"href":"https:\/\/paulatraduce.com\/en\/wp-json\/wp\/v2\/pages"}],"about":[{"href":"https:\/\/paulatraduce.com\/en\/wp-json\/wp\/v2\/types\/page"}],"author":[{"embeddable":true,"href":"https:\/\/paulatraduce.com\/en\/wp-json\/wp\/v2\/users\/990003"}],"replies":[{"embeddable":true,"href":"https:\/\/paulatraduce.com\/en\/wp-json\/wp\/v2\/comments?post=2603"}],"version-history":[{"count":18,"href":"https:\/\/paulatraduce.com\/en\/wp-json\/wp\/v2\/pages\/2603\/revisions"}],"predecessor-version":[{"id":2786,"href":"https:\/\/paulatraduce.com\/en\/wp-json\/wp\/v2\/pages\/2603\/revisions\/2786"}],"wp:attachment":[{"href":"https:\/\/paulatraduce.com\/en\/wp-json\/wp\/v2\/media?parent=2603"}],"curies":[{"name":"wp","href":"https:\/\/api.w.org\/{rel}","templated":true}]}}