{"id":2582,"date":"2023-05-25T11:19:53","date_gmt":"2023-05-25T14:19:53","guid":{"rendered":"http:\/\/paulatraduce.com\/about-me\/"},"modified":"2023-05-31T19:09:35","modified_gmt":"2023-05-31T22:09:35","slug":"about-me","status":"publish","type":"page","link":"https:\/\/paulatraduce.com\/en\/about-me\/","title":{"rendered":"About Me"},"content":{"rendered":"<p>[et_pb_section fb_built=&#8221;1&#8243; next_background_color=&#8221;#ffffff&#8221; admin_label=&#8221;Hero Section&#8221; _builder_version=&#8221;4.21.0&#8243; background_color=&#8221;#AD1C66&#8243; background_enable_image=&#8221;off&#8221; background_position=&#8221;center_right&#8221; custom_margin_last_edited=&#8221;off|desktop&#8221; custom_padding=&#8221;20px||4.6%||false|false&#8221; bottom_divider_style=&#8221;slant&#8221; bottom_divider_height=&#8221;60px&#8221; locked=&#8221;off&#8221; global_colors_info=&#8221;{}&#8221; background_color_gradient_direction__hover=&#8221;180deg&#8221; background_color_gradient_direction__hover_enabled=&#8221;180deg&#8221; background_color_gradient_start_position__hover=&#8221;0%&#8221; background_color_gradient_start_position__hover_enabled=&#8221;0%&#8221; background_color_gradient_end_position__hover=&#8221;100%&#8221; background_color_gradient_end_position__hover_enabled=&#8221;100%&#8221; background_color_gradient_stops__hover=&#8221;rgba(0,0,0,0.4) 0%|rgba(0,0,0,0.4) 100%&#8221; global_module=&#8221;2661&#8243; theme_builder_area=&#8221;post_content&#8221;][et_pb_row _builder_version=&#8221;4.16&#8243; custom_padding=&#8221;27px|||||&#8221; global_colors_info=&#8221;{}&#8221; theme_builder_area=&#8221;post_content&#8221;][et_pb_column type=&#8221;4_4&#8243; _builder_version=&#8221;4.16&#8243; custom_padding=&#8221;|||&#8221; global_colors_info=&#8221;{}&#8221; custom_padding__hover=&#8221;|||&#8221; theme_builder_area=&#8221;post_content&#8221;][et_pb_image src=&#8221;http:\/\/paulatraduce.com\/wp-content\/uploads\/2023\/05\/paula_traduce-01-scaled.webp&#8221; title_text=&#8221;paula_traduce-01&#8243; _builder_version=&#8221;4.21.0&#8243; _module_preset=&#8221;default&#8221; width=&#8221;50%&#8221; width_tablet=&#8221;80%&#8221; width_phone=&#8221;80%&#8221; width_last_edited=&#8221;on|tablet&#8221; module_alignment=&#8221;center&#8221; custom_margin_tablet=&#8221;-50px||40px||false|false&#8221; custom_margin_phone=&#8221;-50px||40px||false|false&#8221; custom_margin_last_edited=&#8221;on|tablet&#8221; animation_style=&#8221;bounce&#8221; animation_speed_curve=&#8221;ease&#8221; global_colors_info=&#8221;{}&#8221; theme_builder_area=&#8221;post_content&#8221;][\/et_pb_image][\/et_pb_column][\/et_pb_row][\/et_pb_section][et_pb_section fb_built=&#8221;1&#8243; _builder_version=&#8221;4.21.0&#8243; _module_preset=&#8221;default&#8221; custom_padding=&#8221;24px|||||&#8221; global_colors_info=&#8221;{}&#8221;][et_pb_row _builder_version=&#8221;4.21.0&#8243; _module_preset=&#8221;default&#8221; custom_margin=&#8221;30px||30px||true|false&#8221; custom_padding=&#8221;||0px|||&#8221; global_colors_info=&#8221;{}&#8221;][et_pb_column type=&#8221;4_4&#8243; _builder_version=&#8221;4.21.0&#8243; _module_preset=&#8221;default&#8221; global_colors_info=&#8221;{}&#8221;][et_pb_text admin_label=&#8221;Hero Section Title&#8221; _builder_version=&#8221;4.21.0&#8243; text_font_size=&#8221;18px&#8221; text_line_height=&#8221;1.8em&#8221; header_font=&#8221;|700|||||||&#8221; header_font_size=&#8221;48px&#8221; header_letter_spacing=&#8221;3px&#8221; header_line_height=&#8221;1.3em&#8221; header_2_letter_spacing=&#8221;3px&#8221; header_2_line_height=&#8221;1.1em&#8221; text_orientation=&#8221;center&#8221; module_alignment=&#8221;left&#8221; custom_margin=&#8221;||0px||false|false&#8221; custom_padding=&#8221;||0px||false|false&#8221; animation_style=&#8221;slide&#8221; animation_direction=&#8221;left&#8221; animation_starting_opacity=&#8221;100%&#8221; header_font_size_tablet=&#8221;&#8221; header_font_size_phone=&#8221;28px&#8221; header_font_size_last_edited=&#8221;on|phone&#8221; header_2_font_size_phone=&#8221;50px&#8221; header_2_font_size_last_edited=&#8221;off|desktop&#8221; global_colors_info=&#8221;{}&#8221;]<\/p>\n<h1 style=\"margin-bottom: 10px;\">About Me<\/h1>\n<h2 style=\"margin-bottom: 20px;\"><\/h2>\n<p>[\/et_pb_text][\/et_pb_column][\/et_pb_row][et_pb_row column_structure=&#8221;1_2,1_2&#8243; make_equal=&#8221;on&#8221; _builder_version=&#8221;4.21.0&#8243; _module_preset=&#8221;default&#8221; custom_css_main_element=&#8221;align-items: center;||&#8221; locked=&#8221;off&#8221; global_colors_info=&#8221;{}&#8221;][et_pb_column type=&#8221;1_2&#8243; _builder_version=&#8221;4.21.0&#8243; _module_preset=&#8221;default&#8221; custom_padding=&#8221;|3vw|||false|false&#8221; custom_padding_tablet=&#8221;|0px||0px|false|false&#8221; custom_padding_phone=&#8221;|0px||0px|false|false&#8221; custom_padding_last_edited=&#8221;on|tablet&#8221; global_colors_info=&#8221;{}&#8221; custom_css_main_element_last_edited=&#8221;on|tablet&#8221; custom_css_main_element_tablet=&#8221;order: 2;&#8221; custom_css_main_element_phone=&#8221;order: 2;&#8221;][et_pb_image src=&#8221;http:\/\/paulatraduce.com\/wp-content\/uploads\/2023\/05\/SobreMi.webp&#8221; title_text=&#8221;AboutMe&#8221; force_fullwidth=&#8221;on&#8221; align_tablet=&#8221;center&#8221; align_phone=&#8221;center&#8221; align_last_edited=&#8221;on|desktop&#8221; disabled_on=&#8221;off|off|off&#8221; _builder_version=&#8221;4.21.0&#8243; animation_style=&#8221;slide&#8221; animation_direction=&#8221;right&#8221; animation_starting_opacity=&#8221;100%&#8221; scroll_vertical_motion=&#8221;0|70|70|100|0|0|-4&#8243; global_colors_info=&#8221;{}&#8221;][\/et_pb_image][\/et_pb_column][et_pb_column type=&#8221;1_2&#8243; _builder_version=&#8221;4.21.0&#8243; _module_preset=&#8221;default&#8221; custom_padding=&#8221;||||false|false&#8221; custom_padding_tablet=&#8221;|0vw|50px|0vw|false|true&#8221; custom_padding_phone=&#8221;|0vw|50px|0vw|false|true&#8221; custom_padding_last_edited=&#8221;on|tablet&#8221; global_colors_info=&#8221;{}&#8221; custom_css_main_element_last_edited=&#8221;on|tablet&#8221; custom_css_main_element_tablet=&#8221;order: 1;&#8221; custom_css_main_element_phone=&#8221;order: 1;&#8221;][dsm_typing_effect typing_effect=&#8221;Hello! I am Paula Amato&#8221; before_new_line=&#8221;off&#8221; typing_speed=&#8221;120ms&#8221; typing_backdelay=&#8221;1500ms&#8221; _builder_version=&#8221;4.21.0&#8243; _module_preset=&#8221;default&#8221; header_text_align=&#8221;center&#8221; header_text_color=&#8221;#AD1C66&#8243; global_colors_info=&#8221;{}&#8221;][\/dsm_typing_effect][et_pb_text admin_label=&#8221;Hero Section Title&#8221; _builder_version=&#8221;4.21.0&#8243; text_font_size=&#8221;18px&#8221; text_line_height=&#8221;1.8em&#8221; header_font=&#8221;|700|||||||&#8221; header_font_size=&#8221;48px&#8221; header_letter_spacing=&#8221;3px&#8221; header_line_height=&#8221;1.3em&#8221; header_2_letter_spacing=&#8221;3px&#8221; header_2_line_height=&#8221;1.1em&#8221; module_alignment=&#8221;left&#8221; custom_margin=&#8221;|||&#8221; animation_style=&#8221;slide&#8221; animation_direction=&#8221;bottom&#8221; animation_starting_opacity=&#8221;100%&#8221; header_font_size_tablet=&#8221;&#8221; header_font_size_phone=&#8221;28px&#8221; header_font_size_last_edited=&#8221;on|phone&#8221; header_2_font_size_phone=&#8221;50px&#8221; header_2_font_size_last_edited=&#8221;off|desktop&#8221; text_orientation_tablet=&#8221;justified&#8221; text_orientation_phone=&#8221;left&#8221; text_orientation_last_edited=&#8221;on|phone&#8221; global_colors_info=&#8221;{}&#8221;]<\/p>\n<p>I am a <span style=\"color: #ad1c66;\"><strong>sworn translator certified by the Association of Sworn Translators of the City of Buenos Aires<\/strong><\/span> (CTPCBA, for its acronym in Spanish) with several years of experience in the translation field. I am also <span style=\"color: #ad1c66;\"><strong>a literary translator, a conference interpreter, and a technical-scientific expert translator<\/strong><\/span>.<br \/>I provide professional and certified translations of personal, academic, business, legal, and technical documents from English into Spanish and from Spanish into English. I am passionate about using my knowledge and skills to enable communication betweendifferent cultures so that you can achieve their goals through an accurate and effective translation of the message you need to convey. I have an in-depth knowledge of English and Spanish, which allows me to offer a high-quality service where I focus not only on the meaning of the text or speech but also on its style, register, and intention.<\/p>\n<p>[\/et_pb_text][et_pb_button button_url=&#8221;@ET-DC@eyJkeW5hbWljIjp0cnVlLCJjb250ZW50IjoicG9zdF9saW5rX3VybF9wYWdlIiwic2V0dGluZ3MiOnsicG9zdF9pZCI6IjIzMDQifX0=@&#8221; button_text=&#8221;Contact me!&#8221; button_alignment=&#8221;left&#8221; _builder_version=&#8221;4.21.0&#8243; _dynamic_attributes=&#8221;button_url&#8221; custom_button=&#8221;on&#8221; button_text_size=&#8221;16px&#8221; button_text_color=&#8221;#ffffff&#8221; button_bg_color=&#8221;#AD1C66&#8243; button_border_width=&#8221;0px&#8221; button_letter_spacing=&#8221;2px&#8221; button_font=&#8221;Montserrat|600||on|||||&#8221; custom_margin=&#8221;|||&#8221; custom_padding=&#8221;12px||12px|&#8221; animation_style=&#8221;slide&#8221; animation_direction=&#8221;bottom&#8221; button_letter_spacing_hover=&#8221;2px&#8221; locked=&#8221;off&#8221; global_colors_info=&#8221;{}&#8221; button_text_size__hover_enabled=&#8221;off&#8221; button_one_text_size__hover_enabled=&#8221;off&#8221; button_two_text_size__hover_enabled=&#8221;off&#8221; button_text_color__hover_enabled=&#8221;off&#8221; button_one_text_color__hover_enabled=&#8221;off&#8221; button_two_text_color__hover_enabled=&#8221;off&#8221; button_border_width__hover_enabled=&#8221;off&#8221; button_one_border_width__hover_enabled=&#8221;off&#8221; button_two_border_width__hover_enabled=&#8221;off&#8221; button_border_color__hover_enabled=&#8221;off&#8221; button_one_border_color__hover_enabled=&#8221;off&#8221; button_two_border_color__hover_enabled=&#8221;off&#8221; button_border_radius__hover_enabled=&#8221;off&#8221; button_one_border_radius__hover_enabled=&#8221;off&#8221; button_two_border_radius__hover_enabled=&#8221;off&#8221; button_letter_spacing__hover_enabled=&#8221;on&#8221; button_letter_spacing__hover=&#8221;2px&#8221; button_one_letter_spacing__hover_enabled=&#8221;off&#8221; button_two_letter_spacing__hover_enabled=&#8221;off&#8221; button_bg_color__hover_enabled=&#8221;off&#8221; button_one_bg_color__hover_enabled=&#8221;off&#8221; button_two_bg_color__hover_enabled=&#8221;off&#8221;][\/et_pb_button][\/et_pb_column][\/et_pb_row][\/et_pb_section]<\/p>\n","protected":false},"excerpt":{"rendered":"<p>About Me <div class=\"et_pb_module dsm_typing_effect dsm_typing_effect_0 et_pb_bg_layout_light \">\n\t\t\t\t\n\t\t\t\t\n\t\t\t\t\n\t\t\t\t\n\t\t\t\t\n\t\t\t\t\n\t\t\t\t<div class=\"et_pb_module_inner\">\n\t\t\t\t\t<h1 class=\"dsm-typing-effect et_pb_module_header\"><span class=\"dsm-typing-wrapper\"><span class=\"dsm-typing-strings\">Hello! I am Paula Amato<\/span><span class=\"dsm-typing\" data-dsm-typing-cursor=\"|\" data-dsm-typing-strings=\"Hello! I am Paula Amato\" data-dsm-typing-speed=120ms data-dsm-typing-backspeed=50ms data-dsm-typing-backdelay=1500ms data-dsm-typing-loop=true data-dsm-typing-fadeout=false data-dsm-typing-shuffle=false data-dsm-typing-delay=0ms data-dsm-typing-viewport=80% data-dsm-typing-repeat=on><\/span><\/span><\/h1>\n\t\t\t\t<\/div>\n\t\t\t<\/div>I am a sworn translator certified by the Association of Sworn Translators of the City of Buenos Aires (CTPCBA, for its acronym in Spanish) with several years of experience in the translation field. I am also a literary translator, a [&hellip;]<\/p>\n","protected":false},"author":990003,"featured_media":0,"parent":0,"menu_order":0,"comment_status":"closed","ping_status":"closed","template":"","meta":{"_et_pb_use_builder":"on","_et_pb_old_content":"","_et_gb_content_width":"","footnotes":""},"class_list":["post-2582","page","type-page","status-publish","hentry"],"yoast_head":"<!-- This site is optimized with the Yoast SEO plugin v27.4 - https:\/\/yoast.com\/product\/yoast-seo-wordpress\/ -->\n<title>About Me - Paula Traduce<\/title>\n<meta name=\"robots\" content=\"index, follow, max-snippet:-1, max-image-preview:large, max-video-preview:-1\" \/>\n<link rel=\"canonical\" href=\"https:\/\/paulatraduce.com\/en\/about-me\/\" \/>\n<meta property=\"og:locale\" content=\"en_US\" \/>\n<meta property=\"og:type\" content=\"article\" \/>\n<meta property=\"og:title\" content=\"About Me - Paula Traduce\" \/>\n<meta property=\"og:description\" content=\"About Me I am a sworn translator certified by the Association of Sworn Translators of the City of Buenos Aires (CTPCBA, for its acronym in Spanish) with several years of experience in the translation field. I am also a literary translator, a [&hellip;]\" \/>\n<meta property=\"og:url\" content=\"https:\/\/paulatraduce.com\/en\/about-me\/\" \/>\n<meta property=\"og:site_name\" content=\"Paula Traduce\" \/>\n<meta property=\"article:modified_time\" content=\"2023-05-31T22:09:35+00:00\" \/>\n<meta property=\"og:image\" content=\"https:\/\/paulatraduce.com\/wp-content\/uploads\/2023\/05\/con-circulo-paula_traduce-02-scaled.webp\" \/>\n\t<meta property=\"og:image:width\" content=\"2560\" \/>\n\t<meta property=\"og:image:height\" content=\"2560\" \/>\n\t<meta property=\"og:image:type\" content=\"image\/webp\" \/>\n<meta name=\"twitter:card\" content=\"summary_large_image\" \/>\n<meta name=\"twitter:label1\" content=\"Est. reading time\" \/>\n\t<meta name=\"twitter:data1\" content=\"6 minutes\" \/>\n<script type=\"application\/ld+json\" class=\"yoast-schema-graph\">{\"@context\":\"https:\\\/\\\/schema.org\",\"@graph\":[{\"@type\":\"WebPage\",\"@id\":\"https:\\\/\\\/paulatraduce.com\\\/en\\\/about-me\\\/\",\"url\":\"https:\\\/\\\/paulatraduce.com\\\/en\\\/about-me\\\/\",\"name\":\"About Me - Paula Traduce\",\"isPartOf\":{\"@id\":\"https:\\\/\\\/paulatraduce.com\\\/en\\\/#website\"},\"datePublished\":\"2023-05-25T14:19:53+00:00\",\"dateModified\":\"2023-05-31T22:09:35+00:00\",\"breadcrumb\":{\"@id\":\"https:\\\/\\\/paulatraduce.com\\\/en\\\/about-me\\\/#breadcrumb\"},\"inLanguage\":\"en-US\",\"potentialAction\":[{\"@type\":\"ReadAction\",\"target\":[\"https:\\\/\\\/paulatraduce.com\\\/en\\\/about-me\\\/\"]}]},{\"@type\":\"BreadcrumbList\",\"@id\":\"https:\\\/\\\/paulatraduce.com\\\/en\\\/about-me\\\/#breadcrumb\",\"itemListElement\":[{\"@type\":\"ListItem\",\"position\":1,\"name\":\"Home\",\"item\":\"https:\\\/\\\/paulatraduce.com\\\/en\\\/home\\\/\"},{\"@type\":\"ListItem\",\"position\":2,\"name\":\"About Me\"}]},{\"@type\":\"WebSite\",\"@id\":\"https:\\\/\\\/paulatraduce.com\\\/en\\\/#website\",\"url\":\"https:\\\/\\\/paulatraduce.com\\\/en\\\/\",\"name\":\"Paula traduce\",\"description\":\"Traductora P\u00fablica Matriculada (ingl\u00e9s&lt;&gt;espa\u00f1ol)\",\"publisher\":{\"@id\":\"https:\\\/\\\/paulatraduce.com\\\/en\\\/#organization\"},\"potentialAction\":[{\"@type\":\"SearchAction\",\"target\":{\"@type\":\"EntryPoint\",\"urlTemplate\":\"https:\\\/\\\/paulatraduce.com\\\/en\\\/?s={search_term_string}\"},\"query-input\":{\"@type\":\"PropertyValueSpecification\",\"valueRequired\":true,\"valueName\":\"search_term_string\"}}],\"inLanguage\":\"en-US\"},{\"@type\":\"Organization\",\"@id\":\"https:\\\/\\\/paulatraduce.com\\\/en\\\/#organization\",\"name\":\"Paula traduce\",\"url\":\"https:\\\/\\\/paulatraduce.com\\\/en\\\/\",\"logo\":{\"@type\":\"ImageObject\",\"inLanguage\":\"en-US\",\"@id\":\"https:\\\/\\\/paulatraduce.com\\\/en\\\/#\\\/schema\\\/logo\\\/image\\\/\",\"url\":\"https:\\\/\\\/paulatraduce.com\\\/wp-content\\\/uploads\\\/2023\\\/03\\\/retina-logo-1.png\",\"contentUrl\":\"https:\\\/\\\/paulatraduce.com\\\/wp-content\\\/uploads\\\/2023\\\/03\\\/retina-logo-1.png\",\"width\":600,\"height\":132,\"caption\":\"Paula traduce\"},\"image\":{\"@id\":\"https:\\\/\\\/paulatraduce.com\\\/en\\\/#\\\/schema\\\/logo\\\/image\\\/\"}}]}<\/script>\n<!-- \/ Yoast SEO plugin. -->","yoast_head_json":{"title":"About Me - Paula Traduce","robots":{"index":"index","follow":"follow","max-snippet":"max-snippet:-1","max-image-preview":"max-image-preview:large","max-video-preview":"max-video-preview:-1"},"canonical":"https:\/\/paulatraduce.com\/en\/about-me\/","og_locale":"en_US","og_type":"article","og_title":"About Me - Paula Traduce","og_description":"About Me I am a sworn translator certified by the Association of Sworn Translators of the City of Buenos Aires (CTPCBA, for its acronym in Spanish) with several years of experience in the translation field. I am also a literary translator, a [&hellip;]","og_url":"https:\/\/paulatraduce.com\/en\/about-me\/","og_site_name":"Paula Traduce","article_modified_time":"2023-05-31T22:09:35+00:00","og_image":[{"width":2560,"height":2560,"url":"https:\/\/paulatraduce.com\/wp-content\/uploads\/2023\/05\/con-circulo-paula_traduce-02-scaled.webp","type":"image\/webp"}],"twitter_card":"summary_large_image","twitter_misc":{"Est. reading time":"6 minutes"},"schema":{"@context":"https:\/\/schema.org","@graph":[{"@type":"WebPage","@id":"https:\/\/paulatraduce.com\/en\/about-me\/","url":"https:\/\/paulatraduce.com\/en\/about-me\/","name":"About Me - Paula Traduce","isPartOf":{"@id":"https:\/\/paulatraduce.com\/en\/#website"},"datePublished":"2023-05-25T14:19:53+00:00","dateModified":"2023-05-31T22:09:35+00:00","breadcrumb":{"@id":"https:\/\/paulatraduce.com\/en\/about-me\/#breadcrumb"},"inLanguage":"en-US","potentialAction":[{"@type":"ReadAction","target":["https:\/\/paulatraduce.com\/en\/about-me\/"]}]},{"@type":"BreadcrumbList","@id":"https:\/\/paulatraduce.com\/en\/about-me\/#breadcrumb","itemListElement":[{"@type":"ListItem","position":1,"name":"Home","item":"https:\/\/paulatraduce.com\/en\/home\/"},{"@type":"ListItem","position":2,"name":"About Me"}]},{"@type":"WebSite","@id":"https:\/\/paulatraduce.com\/en\/#website","url":"https:\/\/paulatraduce.com\/en\/","name":"Paula traduce","description":"Traductora P\u00fablica Matriculada (ingl\u00e9s&lt;&gt;espa\u00f1ol)","publisher":{"@id":"https:\/\/paulatraduce.com\/en\/#organization"},"potentialAction":[{"@type":"SearchAction","target":{"@type":"EntryPoint","urlTemplate":"https:\/\/paulatraduce.com\/en\/?s={search_term_string}"},"query-input":{"@type":"PropertyValueSpecification","valueRequired":true,"valueName":"search_term_string"}}],"inLanguage":"en-US"},{"@type":"Organization","@id":"https:\/\/paulatraduce.com\/en\/#organization","name":"Paula traduce","url":"https:\/\/paulatraduce.com\/en\/","logo":{"@type":"ImageObject","inLanguage":"en-US","@id":"https:\/\/paulatraduce.com\/en\/#\/schema\/logo\/image\/","url":"https:\/\/paulatraduce.com\/wp-content\/uploads\/2023\/03\/retina-logo-1.png","contentUrl":"https:\/\/paulatraduce.com\/wp-content\/uploads\/2023\/03\/retina-logo-1.png","width":600,"height":132,"caption":"Paula traduce"},"image":{"@id":"https:\/\/paulatraduce.com\/en\/#\/schema\/logo\/image\/"}}]}},"_links":{"self":[{"href":"https:\/\/paulatraduce.com\/en\/wp-json\/wp\/v2\/pages\/2582","targetHints":{"allow":["GET"]}}],"collection":[{"href":"https:\/\/paulatraduce.com\/en\/wp-json\/wp\/v2\/pages"}],"about":[{"href":"https:\/\/paulatraduce.com\/en\/wp-json\/wp\/v2\/types\/page"}],"author":[{"embeddable":true,"href":"https:\/\/paulatraduce.com\/en\/wp-json\/wp\/v2\/users\/990003"}],"replies":[{"embeddable":true,"href":"https:\/\/paulatraduce.com\/en\/wp-json\/wp\/v2\/comments?post=2582"}],"version-history":[{"count":23,"href":"https:\/\/paulatraduce.com\/en\/wp-json\/wp\/v2\/pages\/2582\/revisions"}],"predecessor-version":[{"id":2732,"href":"https:\/\/paulatraduce.com\/en\/wp-json\/wp\/v2\/pages\/2582\/revisions\/2732"}],"wp:attachment":[{"href":"https:\/\/paulatraduce.com\/en\/wp-json\/wp\/v2\/media?parent=2582"}],"curies":[{"name":"wp","href":"https:\/\/api.w.org\/{rel}","templated":true}]}}